{"id":213,"date":"2025-06-02T16:46:52","date_gmt":"2025-06-02T14:46:52","guid":{"rendered":"https:\/\/quevoulezvousdire.com\/index.php\/a-propos\/"},"modified":"2025-11-19T16:27:38","modified_gmt":"2025-11-19T15:27:38","slug":"a-propos","status":"publish","type":"page","link":"https:\/\/quevoulezvousdire.com\/index.php\/front_page\/a-propos\/","title":{"rendered":"A propos"},"content":{"rendered":"\n\n\n\n\n\n","protected":false},"excerpt":{"rendered":"","protected":false},"author":1,"featured_media":0,"parent":150,"menu_order":1,"comment_status":"closed","ping_status":"closed","template":"full-width","meta":{"saved_in_kubio":true,"footnotes":""},"class_list":["post-213","page","type-page","status-publish","hentry"],"kubio_ai_page_context":{"short_desc":"Avec plus de 20 ans d\u2019exp\u00e9rience dans la communication, j\u2019ai une r\u00e9elle expertise dans la r\u00e9daction de contenus et la gestion d'\u00e9v\u00e9nements, en plus d\u2019une belle app\u00e9tence pour la cr\u00e9ation graphique. J'ai accompagn\u00e9 de nombreuses entreprises, collectivit\u00e9s, personnalit\u00e9s politiques, associations ou encore des artistes dans le d\u00e9veloppement de leur strat\u00e9gie de communication, en me distinguant par mon approche personnalis\u00e9e et ma r\u00e9activit\u00e9 face aux enjeux et aux aspirations de chacun.","purpose":"about","isFrontPage":false},"_links":{"self":[{"href":"https:\/\/quevoulezvousdire.com\/index.php\/wp-json\/wp\/v2\/pages\/213","targetHints":{"allow":["GET"]}}],"collection":[{"href":"https:\/\/quevoulezvousdire.com\/index.php\/wp-json\/wp\/v2\/pages"}],"about":[{"href":"https:\/\/quevoulezvousdire.com\/index.php\/wp-json\/wp\/v2\/types\/page"}],"author":[{"embeddable":true,"href":"https:\/\/quevoulezvousdire.com\/index.php\/wp-json\/wp\/v2\/users\/1"}],"replies":[{"embeddable":true,"href":"https:\/\/quevoulezvousdire.com\/index.php\/wp-json\/wp\/v2\/comments?post=213"}],"version-history":[{"count":38,"href":"https:\/\/quevoulezvousdire.com\/index.php\/wp-json\/wp\/v2\/pages\/213\/revisions"}],"predecessor-version":[{"id":696,"href":"https:\/\/quevoulezvousdire.com\/index.php\/wp-json\/wp\/v2\/pages\/213\/revisions\/696"}],"up":[{"embeddable":true,"href":"https:\/\/quevoulezvousdire.com\/index.php\/wp-json\/wp\/v2\/pages\/150"}],"wp:attachment":[{"href":"https:\/\/quevoulezvousdire.com\/index.php\/wp-json\/wp\/v2\/media?parent=213"}],"curies":[{"name":"wp","href":"https:\/\/api.w.org\/{rel}","templated":true}]}}